{"id":99,"date":"2018-09-25T12:50:57","date_gmt":"2018-09-25T10:50:57","guid":{"rendered":"http:\/\/centreallergologieprovence.fr\/?page_id=99"},"modified":"2022-10-16T11:05:49","modified_gmt":"2022-10-16T09:05:49","slug":"les-locaux","status":"publish","type":"page","link":"https:\/\/centreallergologieprovence.fr\/?page_id=99","title":{"rendered":"Les locaux"},"content":{"rendered":"<p style=\"padding-left: 30px;\">6 bureaux de consultations adulte et enfant seront \u00e0 votre disposition, ainsi qu&rsquo;une grande salle d&rsquo;attente.<\/p>\n<p style=\"padding-left: 30px;\">Nous sommes au 2\u00e8me \u00e9tage du P\u00f4le Sant\u00e9, c\u00f4t\u00e9 rond-point.<\/p>\n<p><a href=\"http:\/\/centreallergologieprovence.fr\/?attachment_id=303\" rel=\"attachment wp-att-303\"><img loading=\"lazy\" decoding=\"async\" class=\"alignleft size-medium wp-image-303\" src=\"http:\/\/centreallergologieprovence.fr\/wp-content\/uploads\/2019\/06\/IMG_4648-300x225.jpg\" alt=\"P\u00f4le Sant\u00e9 Duranne\" width=\"300\" height=\"225\" srcset=\"https:\/\/centreallergologieprovence.fr\/wp-content\/uploads\/2019\/06\/IMG_4648-300x225.jpg 300w, https:\/\/centreallergologieprovence.fr\/wp-content\/uploads\/2019\/06\/IMG_4648-768x576.jpg 768w, https:\/\/centreallergologieprovence.fr\/wp-content\/uploads\/2019\/06\/IMG_4648-1024x768.jpg 1024w, https:\/\/centreallergologieprovence.fr\/wp-content\/uploads\/2019\/06\/IMG_4648.jpg 2016w\" sizes=\"(max-width: 300px) 100vw, 300px\" \/><\/a><\/p>\n<p>\u00a0<\/p>\n<p style=\"text-align: center;\"><strong><em>Bienvenue au Centre d&rsquo;Allergologie de Provence !<\/em><\/strong><\/p>\n<p style=\"text-align: center;\">Le Parking est facile, gratuit et juste \u00e0 c\u00f4t\u00e9 du P\u00f4le Sant\u00e9&#8230;<\/p>\n<p style=\"text-align: center;\">Acc\u00e8s en bus depuis Aix en Provence: Bus 18 et 15<\/p>\n<p>L&rsquo; arr\u00eat Galil\u00e9e est le plus proche.<\/p>\n<p>\u00a0<\/p>\n\n\n<p class=\"has-text-align-center\">La salle d&rsquo;attente vous attend&#8230;<\/p>\n\n\n<div class=\"wp-block-image\">\n<figure class=\"aligncenter size-large\"><img loading=\"lazy\" decoding=\"async\" width=\"1024\" height=\"768\" src=\"http:\/\/centreallergologieprovence.fr\/wp-content\/uploads\/2020\/05\/salle-attente-allergo-1024x768.jpg\" alt=\"\" class=\"wp-image-373\" srcset=\"https:\/\/centreallergologieprovence.fr\/wp-content\/uploads\/2020\/05\/salle-attente-allergo-1024x768.jpg 1024w, https:\/\/centreallergologieprovence.fr\/wp-content\/uploads\/2020\/05\/salle-attente-allergo-300x225.jpg 300w, https:\/\/centreallergologieprovence.fr\/wp-content\/uploads\/2020\/05\/salle-attente-allergo-768x576.jpg 768w, https:\/\/centreallergologieprovence.fr\/wp-content\/uploads\/2020\/05\/salle-attente-allergo-1536x1152.jpg 1536w, https:\/\/centreallergologieprovence.fr\/wp-content\/uploads\/2020\/05\/salle-attente-allergo-2048x1536.jpg 2048w\" sizes=\"(max-width: 767px) 89vw, (max-width: 1000px) 54vw, (max-width: 1071px) 543px, 580px\" \/><figcaption>Pour les enfants et les plus grands aussi&#8230;<\/figcaption><\/figure><\/div>\n\n\n<figure class=\"wp-block-image size-large\"><img loading=\"lazy\" decoding=\"async\" width=\"1024\" height=\"768\" src=\"http:\/\/centreallergologieprovence.fr\/wp-content\/uploads\/2020\/05\/IMG_672410661-1024x768.jpg\" alt=\"\" class=\"wp-image-372\" srcset=\"https:\/\/centreallergologieprovence.fr\/wp-content\/uploads\/2020\/05\/IMG_672410661-1024x768.jpg 1024w, https:\/\/centreallergologieprovence.fr\/wp-content\/uploads\/2020\/05\/IMG_672410661-300x225.jpg 300w, https:\/\/centreallergologieprovence.fr\/wp-content\/uploads\/2020\/05\/IMG_672410661-768x576.jpg 768w, https:\/\/centreallergologieprovence.fr\/wp-content\/uploads\/2020\/05\/IMG_672410661-1536x1152.jpg 1536w, https:\/\/centreallergologieprovence.fr\/wp-content\/uploads\/2020\/05\/IMG_672410661.jpg 2016w\" sizes=\"(max-width: 767px) 89vw, (max-width: 1000px) 54vw, (max-width: 1071px) 543px, 580px\" \/><figcaption>salle de consultation<\/figcaption><\/figure>\n\n\n\n<figure class=\"wp-block-image size-large\"><img loading=\"lazy\" decoding=\"async\" width=\"768\" height=\"1024\" src=\"http:\/\/centreallergologieprovence.fr\/wp-content\/uploads\/2020\/05\/IMG_61687224-768x1024.jpg\" alt=\"\" class=\"wp-image-376\" srcset=\"https:\/\/centreallergologieprovence.fr\/wp-content\/uploads\/2020\/05\/IMG_61687224-768x1024.jpg 768w, https:\/\/centreallergologieprovence.fr\/wp-content\/uploads\/2020\/05\/IMG_61687224-225x300.jpg 225w, https:\/\/centreallergologieprovence.fr\/wp-content\/uploads\/2020\/05\/IMG_61687224-1152x1536.jpg 1152w, https:\/\/centreallergologieprovence.fr\/wp-content\/uploads\/2020\/05\/IMG_61687224-rotated.jpg 1512w\" sizes=\"(max-width: 767px) 89vw, (max-width: 1000px) 54vw, (max-width: 1071px) 543px, 580px\" \/><figcaption>cabine de pl\u00e9thysmographie pour le suivi des asthmatiques<\/figcaption><\/figure>\n","protected":false},"excerpt":{"rendered":"<p>6 bureaux de consultations adulte et enfant seront \u00e0 votre disposition, ainsi qu&rsquo;une grande salle d&rsquo;attente. Nous sommes au 2\u00e8me \u00e9tage du P\u00f4le Sant\u00e9, c\u00f4t\u00e9 rond-point. \u00a0 Bienvenue au Centre d&rsquo;Allergologie de Provence ! Le Parking est facile, gratuit et juste \u00e0 c\u00f4t\u00e9 du P\u00f4le Sant\u00e9&#8230; Acc\u00e8s en bus depuis Aix en Provence: Bus 18 &hellip; <\/p>\n<p class=\"link-more\"><a href=\"https:\/\/centreallergologieprovence.fr\/?page_id=99\" class=\"more-link\">Continuer la lecture<span class=\"screen-reader-text\"> de &laquo;&nbsp;Les locaux&nbsp;&raquo;<\/span><\/a><\/p>\n","protected":false},"author":1,"featured_media":370,"parent":0,"menu_order":0,"comment_status":"closed","ping_status":"closed","template":"","meta":{"footnotes":""},"_links":{"self":[{"href":"https:\/\/centreallergologieprovence.fr\/index.php?rest_route=\/wp\/v2\/pages\/99"}],"collection":[{"href":"https:\/\/centreallergologieprovence.fr\/index.php?rest_route=\/wp\/v2\/pages"}],"about":[{"href":"https:\/\/centreallergologieprovence.fr\/index.php?rest_route=\/wp\/v2\/types\/page"}],"author":[{"embeddable":true,"href":"https:\/\/centreallergologieprovence.fr\/index.php?rest_route=\/wp\/v2\/users\/1"}],"replies":[{"embeddable":true,"href":"https:\/\/centreallergologieprovence.fr\/index.php?rest_route=%2Fwp%2Fv2%2Fcomments&post=99"}],"version-history":[{"count":14,"href":"https:\/\/centreallergologieprovence.fr\/index.php?rest_route=\/wp\/v2\/pages\/99\/revisions"}],"predecessor-version":[{"id":434,"href":"https:\/\/centreallergologieprovence.fr\/index.php?rest_route=\/wp\/v2\/pages\/99\/revisions\/434"}],"wp:featuredmedia":[{"embeddable":true,"href":"https:\/\/centreallergologieprovence.fr\/index.php?rest_route=\/wp\/v2\/media\/370"}],"wp:attachment":[{"href":"https:\/\/centreallergologieprovence.fr\/index.php?rest_route=%2Fwp%2Fv2%2Fmedia&parent=99"}],"curies":[{"name":"wp","href":"https:\/\/api.w.org\/{rel}","templated":true}]}}