{"id":8,"date":"2018-09-10T12:32:27","date_gmt":"2018-09-10T10:32:27","guid":{"rendered":"http:\/\/centreallergologieprovence.fr\/?page_id=8"},"modified":"2019-06-18T23:56:17","modified_gmt":"2019-06-18T21:56:17","slug":"a-propos-de","status":"publish","type":"page","link":"https:\/\/centreallergologieprovence.fr\/?page_id=8","title":{"rendered":"\u00c0 propos des allergies"},"content":{"rendered":"<p><em><strong><a href=\"http:\/\/centreallergologieprovence.fr\/?attachment_id=129\" rel=\"attachment wp-att-129\"><img loading=\"lazy\" decoding=\"async\" class=\"aligncenter size-full wp-image-129\" src=\"http:\/\/centreallergologieprovence.fr\/wp-content\/uploads\/2018\/09\/Unknown-1.jpeg\" alt=\"\" width=\"273\" height=\"185\"><\/a><\/strong><\/em><\/p>\n<p>&nbsp;<\/p>\n<p>&nbsp;<\/p>\n<p><em><strong>Les allergies respiratoires<\/strong><\/em> concernent 25% de la population et peuvent aller de la simple rhinite allergique (mais tr\u00e8s invalidante!), \u00e0 l&rsquo;asthme (toux, g\u00e8ne respiratoire, sifflements).<\/p>\n<p><a href=\"http:\/\/centreallergologieprovence.fr\/?attachment_id=127\" rel=\"attachment wp-att-127\"><img loading=\"lazy\" decoding=\"async\" class=\"alignleft size-full wp-image-127\" src=\"http:\/\/centreallergologieprovence.fr\/wp-content\/uploads\/2018\/09\/images.jpeg\" alt=\"\" width=\"265\" height=\"190\"><\/a><\/p>\n<p>Les allerg\u00e8nes concern\u00e9s sont principalement les acariens, les pollens, les animaux (poils et salive) et les moisissures. Ils sont partout dans notre environnement naturel mais il est possible d&rsquo;en att\u00e9nuer l&rsquo;exposition afin de mieux g\u00e9rer et ma\u00eetriser ses sympt\u00f4mes.<\/p>\n<p>Notre r\u00f4le est de faire le diagnostic de vos allergies et de vous aider \u00e0 diminuer l&rsquo;exposition et votre g\u00e8ne. De petits moyens tr\u00e8s simples peuvent tout changer!<\/p>\n<p>&nbsp;<\/p>\n<p><em><strong>Les allergies alimentaires<\/strong> <\/em>concernent 3 \u00e0 8% de la population et surtout les enfants et adultes jeunes. Elles peuvent entra\u00eenerdes sympt\u00f4mes tr\u00e8s graves et mettre en jeu votre vie. C&rsquo;est pourquoi il faut les connaitre et savoir g\u00e9rer une r\u00e9action allergique.<!--more--><\/p>\n<p>Quand l&rsquo;allergie alimentaire entraine des signes rapides (quelques minutes \u00e0 4heures), il faut une trousse d&rsquo;urgence avec le plus souvent de l&rsquo;adr\u00e9naline en stylo. C&rsquo;est extr\u00eamement simple une fois que l&rsquo;on est inform\u00e9&#8230; et il est n\u00e9cessaire de pr\u00e9venir son entourage afin qu&rsquo;il sache bien r\u00e9agir en cas d&rsquo;erreur de r\u00e9gime.<\/p>\n<p><a href=\"http:\/\/centreallergologieprovence.fr\/?attachment_id=145\" rel=\"attachment wp-att-145\"><img loading=\"lazy\" decoding=\"async\" class=\"wp-image-145 aligncenter\" src=\"http:\/\/centreallergologieprovence.fr\/wp-content\/uploads\/2018\/10\/Unknown-1-300x168.jpeg\" alt=\"\" width=\"239\" height=\"134\"><\/a><\/p>\n<p><strong>Chez le nourrisson et l&rsquo;enfant<\/strong>, il s&rsquo;agit de l&rsquo;allergie au lait, \u00e0 l&rsquo;oeuf, l&rsquo;arachide (cacahu\u00e8te) et\/ou aux fruits \u00e0 coques (noisette, amande, noix, noix de cajou, pistache,&#8230;), au poisson,&#8230;<\/p>\n<p><a href=\"http:\/\/centreallergologieprovence.fr\/?attachment_id=150\" rel=\"attachment wp-att-150\"><img loading=\"lazy\" decoding=\"async\" class=\"alignleft size-full wp-image-150\" src=\"http:\/\/centreallergologieprovence.fr\/wp-content\/uploads\/2018\/10\/images-2.jpeg\" alt=\"\" width=\"299\" height=\"169\"><\/a><\/p>\n<p>L&rsquo;allergie \u00e0 l&rsquo;oeuf permet tr\u00e8s souvent une tol\u00e9rance de l&rsquo;oeuf cuit, avis aux gourmands de biscuits ou g\u00e2teaux&#8230;<a href=\"http:\/\/centreallergologieprovence.fr\/?attachment_id=142\" rel=\"attachment wp-att-142\"><img loading=\"lazy\" decoding=\"async\" class=\"wp-image-142 alignright\" src=\"http:\/\/centreallergologieprovence.fr\/wp-content\/uploads\/2018\/10\/vertus-de-fruits-\u00e0-coque-synergie-alimentaire-e1539872058577-300x290.png\" alt=\"\" width=\"274\" height=\"265\" srcset=\"https:\/\/centreallergologieprovence.fr\/wp-content\/uploads\/2018\/10\/vertus-de-fruits-\u00e0-coque-synergie-alimentaire-e1539872058577-300x290.png 300w, https:\/\/centreallergologieprovence.fr\/wp-content\/uploads\/2018\/10\/vertus-de-fruits-\u00e0-coque-synergie-alimentaire-e1539872058577.png 410w\" sizes=\"(max-width: 274px) 100vw, 274px\" \/><\/a><\/p>\n<p>&nbsp;<\/p>\n<p>&nbsp;<\/p>\n<p>&nbsp;<\/p>\n<p>&nbsp;<\/p>\n<p>On peut \u00eatre allergique \u00e0 un ou plusieurs fruits \u00e0 coque, parfois on le tol\u00e8re cuit. A nous de vous guider pour bien se connaitre et g\u00e9rer sans risque son alimentation.<\/p>\n<p>Un diagnostic au cas par cas am\u00e9liorera votre qualit\u00e9 de vie!<\/p>\n<p><strong>Chez l&rsquo;adulte jeune<\/strong>&nbsp;c&rsquo;est plut\u00f4t l&rsquo;allergie aux pollens qui \u00e9volue vers une allergie aux fruits, moins dangereuse que chez le nourrisson,&nbsp;mais tr\u00e8s g\u00eanante au quotidien.<\/p>\n<p><a href=\"http:\/\/centreallergologieprovence.fr\/?attachment_id=149\" rel=\"attachment wp-att-149\"><img loading=\"lazy\" decoding=\"async\" class=\"alignleft size-full wp-image-149\" src=\"http:\/\/centreallergologieprovence.fr\/wp-content\/uploads\/2018\/10\/allergies-croiseees4.jpg\" alt=\"\" width=\"275\" height=\"183\"><\/a><\/p>\n<p>&nbsp;<\/p>\n<p>&nbsp;<\/p>\n<p>Nous sommes l\u00e0 pour vous aider \u00e0 \u00e9viter les aliments dangereux pour vous.<\/p>\n<p>Nous r\u00e9digeons avec vous le <strong>Protocole d&rsquo;Accueil Individualis\u00e9<\/strong> \u00e0 mettre en place \u00e0 &nbsp;l&rsquo;\u00e9cole avec le m\u00e9decin de l&rsquo;\u00e9ducation nationale et vous expliquons comment utiliser la trousse d&rsquo;urgence.<\/p>\n","protected":false},"excerpt":{"rendered":"<p>&nbsp; &nbsp; Les allergies respiratoires concernent 25% de la population et peuvent aller de la simple rhinite allergique (mais tr\u00e8s invalidante!), \u00e0 l&rsquo;asthme (toux, g\u00e8ne respiratoire, sifflements). Les allerg\u00e8nes concern\u00e9s sont principalement les acariens, les pollens, les animaux (poils et salive) et les moisissures. Ils sont partout dans notre environnement naturel mais il est possible &hellip; <\/p>\n<p class=\"link-more\"><a href=\"https:\/\/centreallergologieprovence.fr\/?page_id=8\" class=\"more-link\">Continuer la lecture<span class=\"screen-reader-text\"> de &laquo;&nbsp;\u00c0 propos des allergies&nbsp;&raquo;<\/span><\/a><\/p>\n","protected":false},"author":1,"featured_media":307,"parent":0,"menu_order":0,"comment_status":"closed","ping_status":"closed","template":"","meta":{"footnotes":""},"_links":{"self":[{"href":"https:\/\/centreallergologieprovence.fr\/index.php?rest_route=\/wp\/v2\/pages\/8"}],"collection":[{"href":"https:\/\/centreallergologieprovence.fr\/index.php?rest_route=\/wp\/v2\/pages"}],"about":[{"href":"https:\/\/centreallergologieprovence.fr\/index.php?rest_route=\/wp\/v2\/types\/page"}],"author":[{"embeddable":true,"href":"https:\/\/centreallergologieprovence.fr\/index.php?rest_route=\/wp\/v2\/users\/1"}],"replies":[{"embeddable":true,"href":"https:\/\/centreallergologieprovence.fr\/index.php?rest_route=%2Fwp%2Fv2%2Fcomments&post=8"}],"version-history":[{"count":10,"href":"https:\/\/centreallergologieprovence.fr\/index.php?rest_route=\/wp\/v2\/pages\/8\/revisions"}],"predecessor-version":[{"id":319,"href":"https:\/\/centreallergologieprovence.fr\/index.php?rest_route=\/wp\/v2\/pages\/8\/revisions\/319"}],"wp:featuredmedia":[{"embeddable":true,"href":"https:\/\/centreallergologieprovence.fr\/index.php?rest_route=\/wp\/v2\/media\/307"}],"wp:attachment":[{"href":"https:\/\/centreallergologieprovence.fr\/index.php?rest_route=%2Fwp%2Fv2%2Fmedia&parent=8"}],"curies":[{"name":"wp","href":"https:\/\/api.w.org\/{rel}","templated":true}]}}