{"id":54,"date":"2018-09-12T01:02:05","date_gmt":"2018-09-11T23:02:05","guid":{"rendered":"http:\/\/centreallergologieprovence.fr\/?page_id=54"},"modified":"2019-01-18T14:47:10","modified_gmt":"2019-01-18T13:47:10","slug":"allergies","status":"publish","type":"page","link":"https:\/\/centreallergologieprovence.fr\/","title":{"rendered":"Bienvenue au Centre d&rsquo;Allergologie de Provence !"},"content":{"rendered":"\n<p class=\"has-background has-very-light-gray-background-color\">Les allergies respiratoires et alimentaires nous concernent tous, adultes et enfants, de 0 \u00e0 107 ans&#8230; &nbsp;Finalement, c&rsquo;est une histoire de famille!<\/p>\n\n\n\n<p class=\"has-background has-very-light-gray-background-color\">Nous sommes l\u00e0 pour vous guider et vous aider \u00e0 comprendre vos allergies et celles de vos enfants.<\/p>\n","protected":false},"excerpt":{"rendered":"<p>Les allergies respiratoires et alimentaires nous concernent tous, adultes et enfants, de 0 \u00e0 107 ans&#8230; &nbsp;Finalement, c&rsquo;est une histoire de famille! Nous sommes l\u00e0 pour vous guider et vous aider \u00e0 comprendre vos allergies et celles de vos enfants.<\/p>\n","protected":false},"author":1,"featured_media":47,"parent":0,"menu_order":0,"comment_status":"closed","ping_status":"closed","template":"","meta":{"footnotes":""},"_links":{"self":[{"href":"https:\/\/centreallergologieprovence.fr\/index.php?rest_route=\/wp\/v2\/pages\/54"}],"collection":[{"href":"https:\/\/centreallergologieprovence.fr\/index.php?rest_route=\/wp\/v2\/pages"}],"about":[{"href":"https:\/\/centreallergologieprovence.fr\/index.php?rest_route=\/wp\/v2\/types\/page"}],"author":[{"embeddable":true,"href":"https:\/\/centreallergologieprovence.fr\/index.php?rest_route=\/wp\/v2\/users\/1"}],"replies":[{"embeddable":true,"href":"https:\/\/centreallergologieprovence.fr\/index.php?rest_route=%2Fwp%2Fv2%2Fcomments&post=54"}],"version-history":[{"count":5,"href":"https:\/\/centreallergologieprovence.fr\/index.php?rest_route=\/wp\/v2\/pages\/54\/revisions"}],"predecessor-version":[{"id":263,"href":"https:\/\/centreallergologieprovence.fr\/index.php?rest_route=\/wp\/v2\/pages\/54\/revisions\/263"}],"wp:featuredmedia":[{"embeddable":true,"href":"https:\/\/centreallergologieprovence.fr\/index.php?rest_route=\/wp\/v2\/media\/47"}],"wp:attachment":[{"href":"https:\/\/centreallergologieprovence.fr\/index.php?rest_route=%2Fwp%2Fv2%2Fmedia&parent=54"}],"curies":[{"name":"wp","href":"https:\/\/api.w.org\/{rel}","templated":true}]}}