{"id":325,"date":"2019-06-19T00:09:57","date_gmt":"2019-06-18T22:09:57","guid":{"rendered":"http:\/\/centreallergologieprovence.fr\/?page_id=325"},"modified":"2024-05-09T10:45:29","modified_gmt":"2024-05-09T08:45:29","slug":"prendre-un-rdv-en-ligne","status":"publish","type":"page","link":"https:\/\/centreallergologieprovence.fr\/?page_id=325","title":{"rendered":"Prendre un RDV en ligne"},"content":{"rendered":"\n<p class=\"has-text-color has-background\" style=\"color:#35708a;background-color:#bedee7\">Pour prendre <strong>RDV<em> pour une consultation<\/em><\/strong> avec votre m\u00e9decin, au P\u00f4le Sant\u00e9 Duranne,  rien de plus simple qu&rsquo;un RDV pris en ligne <\/p>\n\n\n\n<p class=\"has-text-color has-background\" style=\"color:#35708a;background-color:#bedee7\">Connectez vous sur son planning et r\u00e9servez le cr\u00e9neau qui vous convient sur : <strong>Doctolib<\/strong><\/p>\n\n\n\n<p class=\"has-text-color has-background\" style=\"color:#35708a;background-color:#f9c888\">Pour prendre un <strong>RDV <em>de t\u00e9l\u00e9consultation<\/em><\/strong> avec votre m\u00e9decin, pour un avis, une ordonnance, une urgence et sans vous d\u00e9placer, rien de plus simple qu&rsquo;un RDV pris en ligne<\/p>\n\n\n\n<p class=\"has-text-color has-background\" style=\"color:#35708a;background-color:#f9c888\">Connectez vous sur son planning et r\u00e9servez le cr\u00e9neau qui vous convient sur : <strong>Doctolib<\/strong> ( \u00e0 partir de d\u00e9cembre 2019)<\/p>\n\n\n\n<p class=\"has-text-color has-background\" style=\"color:#35708a;background-color:#f9c888\"><strong>Attention, pour la<\/strong> <strong>t\u00e9l\u00e9consultation<\/strong>, il faudra simplement enregistrer votre moyen de paiement en ligne (plateforme s\u00e9curis\u00e9e) au moment de la prise de RDV, afin de pouvoir r\u00e9gler la consultation. Le m\u00e9decin t\u00e9l\u00e9transmettra votre feuille de soin  \u00e0 la CPAM en fin de consultation afin que vous soyez rembours\u00e9 par la CPAM et votre mutuelle. Vous aurez imm\u00e9diatement votre ordonnance dans votre boite mail.<\/p>\n\n\n\n<h4 class=\"wp-block-heading\"><strong>Consultation : RDV en ligne sur Doctolib<\/strong> <em>(Dr Julie MULLIEZ pour les enfants de 0 \u00e0 18 ans)<\/em>, Dr LECERF , HAZBRI et DELATTRE (en ligne et secr\u00e9tariat t\u00e9l\u00e9phonique)<\/h4>\n\n\n\n<h4 class=\"wp-block-heading\">T\u00e9l\u00e9consultation: RDV en ligne sur Doctolib <em>(Dr Julie MULLIEZ pour les enfants de 0 \u00e0 18 ans)<\/em><\/h4>\n\n\n\n<p><\/p>\n","protected":false},"excerpt":{"rendered":"<p>Pour prendre RDV pour une consultation avec votre m\u00e9decin, au P\u00f4le Sant\u00e9 Duranne, rien de plus simple qu&rsquo;un RDV pris en ligne Connectez vous sur son planning et r\u00e9servez le cr\u00e9neau qui vous convient sur : Doctolib Pour prendre un RDV de t\u00e9l\u00e9consultation avec votre m\u00e9decin, pour un avis, une ordonnance, une urgence et sans &hellip; <\/p>\n<p class=\"link-more\"><a href=\"https:\/\/centreallergologieprovence.fr\/?page_id=325\" class=\"more-link\">Continuer la lecture<span class=\"screen-reader-text\"> de &laquo;&nbsp;Prendre un RDV en ligne&nbsp;&raquo;<\/span><\/a><\/p>\n","protected":false},"author":1,"featured_media":303,"parent":0,"menu_order":0,"comment_status":"closed","ping_status":"closed","template":"","meta":{"footnotes":""},"_links":{"self":[{"href":"https:\/\/centreallergologieprovence.fr\/index.php?rest_route=\/wp\/v2\/pages\/325"}],"collection":[{"href":"https:\/\/centreallergologieprovence.fr\/index.php?rest_route=\/wp\/v2\/pages"}],"about":[{"href":"https:\/\/centreallergologieprovence.fr\/index.php?rest_route=\/wp\/v2\/types\/page"}],"author":[{"embeddable":true,"href":"https:\/\/centreallergologieprovence.fr\/index.php?rest_route=\/wp\/v2\/users\/1"}],"replies":[{"embeddable":true,"href":"https:\/\/centreallergologieprovence.fr\/index.php?rest_route=%2Fwp%2Fv2%2Fcomments&post=325"}],"version-history":[{"count":9,"href":"https:\/\/centreallergologieprovence.fr\/index.php?rest_route=\/wp\/v2\/pages\/325\/revisions"}],"predecessor-version":[{"id":458,"href":"https:\/\/centreallergologieprovence.fr\/index.php?rest_route=\/wp\/v2\/pages\/325\/revisions\/458"}],"wp:featuredmedia":[{"embeddable":true,"href":"https:\/\/centreallergologieprovence.fr\/index.php?rest_route=\/wp\/v2\/media\/303"}],"wp:attachment":[{"href":"https:\/\/centreallergologieprovence.fr\/index.php?rest_route=%2Fwp%2Fv2%2Fmedia&parent=325"}],"curies":[{"name":"wp","href":"https:\/\/api.w.org\/{rel}","templated":true}]}}