{"id":109,"date":"2018-11-17T13:38:00","date_gmt":"2018-11-17T12:38:00","guid":{"rendered":"http:\/\/centreallergologieprovence.fr\/?page_id=109"},"modified":"2024-07-23T23:06:01","modified_gmt":"2024-07-23T21:06:01","slug":"notre-equipe","status":"publish","type":"page","link":"https:\/\/centreallergologieprovence.fr\/?page_id=109","title":{"rendered":"Notre \u00e9quipe"},"content":{"rendered":"<p style=\"padding-left: 60px;\">Une \u00e9quipe pluridisciplinaire de m\u00e9decins sp\u00e9cialis\u00e9s allant du pneumologue au dermatologue, p\u00e9diatre, allergologue, &nbsp;ORL,\u2026Nous travaillons tous en \u00e9troite collaboration, sur un m\u00eame site et avec une m\u00eame volont\u00e9 d\u2019am\u00e9liorer la qualit\u00e9 de vie de nos patients allergiques.<\/p>\n<p style=\"padding-left: 60px;\">Tous les organes peuvent \u00eatre touch\u00e9s par l\u2019allergie c\u2019est pourquoi vous trouverez dans notre \u00e9quipe un sp\u00e9cialiste d\u2019organe ayant une comp\u00e9tence reconnue en allergologie qui saura comprendre et soigner vos sympt\u00f4mes.<\/p>\n<\/p>\n\n<div class=\"wp-block-image is-resized\">\n<figure class=\"alignleft size-large\"><img loading=\"lazy\" decoding=\"async\" width=\"1024\" height=\"768\" src=\"http:\/\/centreallergologieprovence.fr\/wp-content\/uploads\/2020\/11\/julie-doctolib-1-1024x768.jpg\" alt=\"\" class=\"wp-image-397\" style=\"width:283px;height:auto\" srcset=\"https:\/\/centreallergologieprovence.fr\/wp-content\/uploads\/2020\/11\/julie-doctolib-1-1024x768.jpg 1024w, https:\/\/centreallergologieprovence.fr\/wp-content\/uploads\/2020\/11\/julie-doctolib-1-300x225.jpg 300w, https:\/\/centreallergologieprovence.fr\/wp-content\/uploads\/2020\/11\/julie-doctolib-1-768x576.jpg 768w, https:\/\/centreallergologieprovence.fr\/wp-content\/uploads\/2020\/11\/julie-doctolib-1-1536x1152.jpg 1536w, https:\/\/centreallergologieprovence.fr\/wp-content\/uploads\/2020\/11\/julie-doctolib-1-2048x1536.jpg 2048w\" sizes=\"(max-width: 767px) 89vw, (max-width: 1000px) 54vw, (max-width: 1071px) 543px, 580px\" \/><figcaption class=\"wp-element-caption\">Dr Julie Mulliez-Petitpas<\/figcaption><\/figure><\/div>\n\n\n<p><strong>Dr Julie MULLIEZ-PETITPAS<\/strong><\/p>\n\n\n\n<p class=\"has-text-align-left\"><strong><em>Pneumop\u00e9diatre-Allergologue<\/em><\/strong>, sp\u00e9cialis\u00e9e dans l&rsquo;asthme et les allergies respiratoires et alimentaires de l&rsquo;enfant de 0 \u00e0 18 ans, ainsi qu&rsquo;en dermatologie p\u00e9diatrique.<\/p>\n\n\n\n<p><\/p>\n\n\n\n<p class=\"has-text-align-left\"><\/p>\n\n\n\n<p>                                                                                    <strong>Dr Djamel HAZBRI<\/strong><\/p>\n\n\n\n<p><strong><em>ORL<\/em>, <\/strong>sp\u00e9cialis\u00e9 dans le diagnostic et le traitement des troubles du nez, de la gorge, de l&rsquo;oreille et de la r\u00e9gion de la t\u00eate et du cou, Chirurgien de la face et du cou \u00e0 l&rsquo;h\u00f4pital Europ\u00e9en Marseille.<\/p>\n\n\n\n<p>                                                                                   <strong>Dr J\u00e9r\u00f4me DELATTRE<\/strong><\/p>\n\n\n\n<p><strong><em>ORL<\/em><\/strong>, sp\u00e9cialis\u00e9 dans le diagnostic et le traitement des troubles du nez, de la gorge, de l&rsquo;oreille et de la r\u00e9gion de la t\u00eate et du cou, Chirurgien de la face et du cou \u00e0 l&rsquo;h\u00f4pital Europ\u00e9en et h\u00f4pital Saint Joseph,  Marseille<\/p>\n\n\n\n<h4 class=\"wp-block-heading\">                                                                                          <strong>Dr C\u00e9line Lecerf<\/strong><\/h4>\n\n\n\n<p><strong>Pneumologue<\/strong>, sp\u00e9cialis\u00e9e dans les maladies de l&rsquo;appareil respiratoire: asthme, BPCO, insuffisance respiratoire , troubles du sommeil et allergies respiratoires<\/p>\n\n\n\n<figure class=\"wp-block-image size-large is-resized\"><img loading=\"lazy\" decoding=\"async\" width=\"682\" height=\"1024\" src=\"http:\/\/centreallergologieprovence.fr\/wp-content\/uploads\/2024\/03\/celine-Lecerf-682x1024.jpg\" alt=\"Pneumologue\" class=\"wp-image-448\" style=\"width:195px;height:auto\" srcset=\"https:\/\/centreallergologieprovence.fr\/wp-content\/uploads\/2024\/03\/celine-Lecerf-682x1024.jpg 682w, https:\/\/centreallergologieprovence.fr\/wp-content\/uploads\/2024\/03\/celine-Lecerf-200x300.jpg 200w, https:\/\/centreallergologieprovence.fr\/wp-content\/uploads\/2024\/03\/celine-Lecerf-768x1152.jpg 768w, https:\/\/centreallergologieprovence.fr\/wp-content\/uploads\/2024\/03\/celine-Lecerf-1024x1536.jpg 1024w, https:\/\/centreallergologieprovence.fr\/wp-content\/uploads\/2024\/03\/celine-Lecerf.jpg 1181w\" sizes=\"(max-width: 682px) 100vw, 682px\" \/><figcaption class=\"wp-element-caption\">Dr C\u00e9line Lecerf<\/figcaption><\/figure>\n\n\n\n<p><strong>Dr Kabil Nakara<\/strong><\/p>\n\n\n\n<p><strong>Allergologue<\/strong>, sp\u00e9cialiste des allergies de l&rsquo;adulte et de l&rsquo;enfant ( respiratoires, cutan\u00e9es, alimentaires,&#8230;). Il r\u00e9alise les tests cutan\u00e9s et respiratoires n\u00e9cessaires au diagnostic et \u00e0 la prise en charge des pathologies allergiques.<\/p>\n","protected":false},"excerpt":{"rendered":"<p>Une \u00e9quipe pluridisciplinaire de m\u00e9decins sp\u00e9cialis\u00e9s allant du pneumologue au dermatologue, p\u00e9diatre, allergologue, &nbsp;ORL,\u2026Nous travaillons tous en \u00e9troite collaboration, sur un m\u00eame site et avec une m\u00eame volont\u00e9 d\u2019am\u00e9liorer la qualit\u00e9 de vie de nos patients allergiques. Tous les organes peuvent \u00eatre touch\u00e9s par l\u2019allergie c\u2019est pourquoi vous trouverez dans notre \u00e9quipe un sp\u00e9cialiste d\u2019organe &hellip; <\/p>\n<p class=\"link-more\"><a href=\"https:\/\/centreallergologieprovence.fr\/?page_id=109\" class=\"more-link\">Continuer la lecture<span class=\"screen-reader-text\"> de &laquo;&nbsp;Notre \u00e9quipe&nbsp;&raquo;<\/span><\/a><\/p>\n","protected":false},"author":1,"featured_media":0,"parent":0,"menu_order":0,"comment_status":"closed","ping_status":"closed","template":"","meta":{"footnotes":""},"_links":{"self":[{"href":"https:\/\/centreallergologieprovence.fr\/index.php?rest_route=\/wp\/v2\/pages\/109"}],"collection":[{"href":"https:\/\/centreallergologieprovence.fr\/index.php?rest_route=\/wp\/v2\/pages"}],"about":[{"href":"https:\/\/centreallergologieprovence.fr\/index.php?rest_route=\/wp\/v2\/types\/page"}],"author":[{"embeddable":true,"href":"https:\/\/centreallergologieprovence.fr\/index.php?rest_route=\/wp\/v2\/users\/1"}],"replies":[{"embeddable":true,"href":"https:\/\/centreallergologieprovence.fr\/index.php?rest_route=%2Fwp%2Fv2%2Fcomments&post=109"}],"version-history":[{"count":17,"href":"https:\/\/centreallergologieprovence.fr\/index.php?rest_route=\/wp\/v2\/pages\/109\/revisions"}],"predecessor-version":[{"id":462,"href":"https:\/\/centreallergologieprovence.fr\/index.php?rest_route=\/wp\/v2\/pages\/109\/revisions\/462"}],"wp:attachment":[{"href":"https:\/\/centreallergologieprovence.fr\/index.php?rest_route=%2Fwp%2Fv2%2Fmedia&parent=109"}],"curies":[{"name":"wp","href":"https:\/\/api.w.org\/{rel}","templated":true}]}}